{"id":12579,"date":"2021-04-12T11:51:15","date_gmt":"2021-04-12T11:51:15","guid":{"rendered":"https:\/\/tlakovec.si\/unkategorisiert\/mistiko-prestige2\/"},"modified":"2022-11-29T13:48:43","modified_gmt":"2022-11-29T13:48:43","slug":"mistiko-prestige2","status":"publish","type":"product","link":"https:\/\/tlakovec.si\/de\/tlakovci2\/mistiko-prestige2\/","title":{"rendered":"Mistiko Prestige2"},"content":{"rendered":"<p>&nbsp;<\/p>\n<table id=\"lastnosti\">\n<tbody>\n<tr>\n<td><strong>LINIJA2<\/strong><\/td>\n<td>Prestige2<\/td>\n<\/tr>\n<tr>\n<td><strong>POVR\u0160INA2<\/strong><\/td>\n<td>peskana2<\/td>\n<\/tr>\n<tr>\n<td><strong>ROB2<\/strong><\/td>\n<td>ravni, ostri rob2<\/td>\n<\/tr>\n<\/tbody>\n<\/table>\n<p>&nbsp;<\/p>\n<h2>Lastnosti2<\/h2>\n<div class=\"row\">\n<div class=\"column\" style=\"background-color: #c9c2c0;\"><img loading=\"lazy\" decoding=\"async\" class=\"alignnone size-full wp-image-6827\" style=\"margin: 10px;\" src=\"https:\/\/tlakovec.si\/wp-content\/uploads\/\/2020\/04\/Ikona-peskan-01.svg\" alt=\"\" width=\"45\" height=\"45\"> peskana povr\u0161ina2<br \/>\n<img loading=\"lazy\" decoding=\"async\" class=\"alignnone size-full wp-image-6827\" style=\"margin: 10px;\" src=\"https:\/\/tlakovec.si\/wp-content\/uploads\/\/2020\/04\/Ikona-vreme-01.svg\" alt=\"\" width=\"45\" height=\"45\"> odporen na zmrzal2<br \/>\n<img loading=\"lazy\" decoding=\"async\" class=\"alignnone size-full wp-image-6836\" style=\"margin: 10px;\" src=\"https:\/\/tlakovec.si\/wp-content\/uploads\/\/2020\/04\/Ikona-obarvan-01.svg\" alt=\"\" width=\"45\" height=\"45\"> v celoti barvan2<br \/>\n<img loading=\"lazy\" decoding=\"async\" class=\"alignnone size-full wp-image-6836\" style=\"margin: 10px;\" src=\"https:\/\/tlakovec.si\/wp-content\/uploads\/\/2020\/04\/Ikona-pastel-01.svg\" alt=\"\" width=\"45\" height=\"45\"> pastelne barve2<br \/>\n<img loading=\"lazy\" decoding=\"async\" class=\"alignnone size-full wp-image-6837\" style=\"margin: 10px;\" src=\"https:\/\/tlakovec.si\/wp-content\/uploads\/\/2020\/04\/Ikona-obrus-01.svg\" alt=\"\" width=\"45\" height=\"45\">odporen na obrus (podalj\u0161ana \u017eivljenjska doba)2<\/div>\n<div class=\"column\" style=\"background-color: #d9d4d2;\"><img loading=\"lazy\" decoding=\"async\" class=\"alignnone size-full wp-image-6872\" style=\"margin: 10px;\" src=\"https:\/\/tlakovec.si\/wp-content\/uploads\/\/2020\/04\/Ikona-hidrofob-01.svg\" alt=\"\" width=\"45\" height=\"45\"> dodan hidrofobni zatesnjevalec2<br \/>\n<img loading=\"lazy\" decoding=\"async\" class=\"alignnone size-full wp-image-6841\" style=\"margin: 10px;\" src=\"https:\/\/tlakovec.si\/wp-content\/uploads\/\/2020\/04\/Ikona-povozen-01.svg\" alt=\"\" width=\"45\" height=\"45\"> je povozen2<br \/>\n<img loading=\"lazy\" decoding=\"async\" class=\"alignnone size-full wp-image-6843\" style=\"margin: 10px;\" src=\"https:\/\/tlakovec.si\/wp-content\/uploads\/\/2020\/04\/Ikona-sol-01.svg\" alt=\"\" width=\"45\" height=\"45\"> odporen na sol2<br \/>\n<img loading=\"lazy\" decoding=\"async\" class=\"alignnone size-full wp-image-6844\" style=\"margin: 10px;\" src=\"https:\/\/tlakovec.si\/wp-content\/uploads\/\/2020\/04\/Ikona-vpojnost-01.svg\" alt=\"\" width=\"45\" height=\"45\"> zmanj\u0161ana vodovpojnost2<\/div>\n<\/div>\n","protected":false},"excerpt":{"rendered":"<p>Tlakovec Mistiko Prestige z ravnimi, ostrimi robovi in edinstveno peskano povr\u0161ino je na voljo v treh barvnih tonih: alpsko bel, carbodur ter granitno siv.2 Tlakovce v razli\u010dnih barvah lahko tudi medsebojno kombiniramo in ustvarimo elegantno razgibano tlakovano povr\u0161ino.2<\/p>\n","protected":false},"featured_media":12502,"template":"","meta":{"_acf_changed":false},"product_brand":[],"product_cat":[536],"product_tag":[537],"class_list":{"0":"post-12579","1":"product","2":"type-product","3":"status-publish","4":"has-post-thumbnail","6":"product_cat-tlakovci2","7":"product_tag-prestige2","9":"first","10":"instock","11":"taxable","12":"shipping-taxable","13":"purchasable","14":"product-type-variable"},"acf":[],"yoast_head":"<!-- This site is optimized with the Yoast SEO plugin v27.2 - https:\/\/yoast.com\/product\/yoast-seo-wordpress\/ -->\n<title>Mistiko Prestige2 - Tlakovci Podlesnik<\/title>\n<meta name=\"robots\" content=\"index, follow, max-snippet:-1, max-image-preview:large, max-video-preview:-1\" \/>\n<link rel=\"canonical\" href=\"https:\/\/tlakovec.si\/de\/tlakovci2\/mistiko-prestige2\/\" \/>\n<meta property=\"og:locale\" content=\"de_DE\" \/>\n<meta property=\"og:type\" content=\"article\" \/>\n<meta property=\"og:title\" content=\"Mistiko Prestige2 - Tlakovci Podlesnik\" \/>\n<meta property=\"og:description\" content=\"Tlakovec Mistiko Prestige z ravnimi, ostrimi robovi in edinstveno peskano povr\u0161ino je na voljo v treh barvnih tonih: alpsko bel, carbodur ter granitno siv.2 Tlakovce v razli\u010dnih barvah lahko tudi medsebojno kombiniramo in ustvarimo elegantno razgibano tlakovano povr\u0161ino.2\" \/>\n<meta property=\"og:url\" content=\"https:\/\/tlakovec.si\/de\/tlakovci2\/mistiko-prestige2\/\" \/>\n<meta property=\"og:site_name\" content=\"Tlakovci Podlesnik\" \/>\n<meta property=\"article:modified_time\" content=\"2022-11-29T13:48:43+00:00\" \/>\n<meta property=\"og:image\" content=\"https:\/\/tlakovec.si\/wp-content\/uploads\/2021\/04\/mistiko-prestige_121-e1618226927228.jpg\" \/>\n\t<meta property=\"og:image:width\" content=\"600\" \/>\n\t<meta property=\"og:image:height\" content=\"600\" \/>\n\t<meta property=\"og:image:type\" content=\"image\/jpeg\" \/>\n<meta name=\"twitter:card\" content=\"summary_large_image\" \/>\n<script type=\"application\/ld+json\" class=\"yoast-schema-graph\">{\"@context\":\"https:\/\/schema.org\",\"@graph\":[{\"@type\":\"WebPage\",\"@id\":\"https:\/\/tlakovec.si\/de\/tlakovci2\/mistiko-prestige2\/\",\"url\":\"https:\/\/tlakovec.si\/de\/tlakovci2\/mistiko-prestige2\/\",\"name\":\"Mistiko Prestige2 - Tlakovci Podlesnik\",\"isPartOf\":{\"@id\":\"https:\/\/tlakovec.si\/de\/#website\"},\"primaryImageOfPage\":{\"@id\":\"https:\/\/tlakovec.si\/de\/tlakovci2\/mistiko-prestige2\/#primaryimage\"},\"image\":{\"@id\":\"https:\/\/tlakovec.si\/de\/tlakovci2\/mistiko-prestige2\/#primaryimage\"},\"thumbnailUrl\":\"https:\/\/tlakovec.si\/wp-content\/uploads\/2021\/04\/mistiko-prestige_121-e1618226927228.jpg\",\"datePublished\":\"2021-04-12T11:51:15+00:00\",\"dateModified\":\"2022-11-29T13:48:43+00:00\",\"breadcrumb\":{\"@id\":\"https:\/\/tlakovec.si\/de\/tlakovci2\/mistiko-prestige2\/#breadcrumb\"},\"inLanguage\":\"de\",\"potentialAction\":[{\"@type\":\"ReadAction\",\"target\":[\"https:\/\/tlakovec.si\/de\/tlakovci2\/mistiko-prestige2\/\"]}]},{\"@type\":\"ImageObject\",\"inLanguage\":\"de\",\"@id\":\"https:\/\/tlakovec.si\/de\/tlakovci2\/mistiko-prestige2\/#primaryimage\",\"url\":\"https:\/\/tlakovec.si\/wp-content\/uploads\/2021\/04\/mistiko-prestige_121-e1618226927228.jpg\",\"contentUrl\":\"https:\/\/tlakovec.si\/wp-content\/uploads\/2021\/04\/mistiko-prestige_121-e1618226927228.jpg\",\"width\":600,\"height\":600},{\"@type\":\"BreadcrumbList\",\"@id\":\"https:\/\/tlakovec.si\/de\/tlakovci2\/mistiko-prestige2\/#breadcrumb\",\"itemListElement\":[{\"@type\":\"ListItem\",\"position\":1,\"name\":\"Home\",\"item\":\"https:\/\/tlakovec.si\/de\/\"},{\"@type\":\"ListItem\",\"position\":2,\"name\":\"Shop\",\"item\":\"https:\/\/tlakovec.si\/de\/shop\/\"},{\"@type\":\"ListItem\",\"position\":3,\"name\":\"Mistiko Prestige2\"}]},{\"@type\":\"WebSite\",\"@id\":\"https:\/\/tlakovec.si\/de\/#website\",\"url\":\"https:\/\/tlakovec.si\/de\/\",\"name\":\"Tlakovci Podlesnik\",\"description\":\"Na\u0161a kakovost. Va\u0161e zaupanje.\",\"publisher\":{\"@id\":\"https:\/\/tlakovec.si\/de\/#organization\"},\"potentialAction\":[{\"@type\":\"SearchAction\",\"target\":{\"@type\":\"EntryPoint\",\"urlTemplate\":\"https:\/\/tlakovec.si\/de\/?s={search_term_string}\"},\"query-input\":{\"@type\":\"PropertyValueSpecification\",\"valueRequired\":true,\"valueName\":\"search_term_string\"}}],\"inLanguage\":\"de\"},{\"@type\":\"Organization\",\"@id\":\"https:\/\/tlakovec.si\/de\/#organization\",\"name\":\"Tlakovci Podlesnik\",\"url\":\"https:\/\/tlakovec.si\/de\/\",\"logo\":{\"@type\":\"ImageObject\",\"inLanguage\":\"de\",\"@id\":\"https:\/\/tlakovec.si\/de\/#\/schema\/logo\/image\/\",\"url\":\"https:\/\/tlakovec.si\/wp-content\/uploads\/2022\/05\/logo-tlakovci-podlesnik.svg\",\"contentUrl\":\"https:\/\/tlakovec.si\/wp-content\/uploads\/2022\/05\/logo-tlakovci-podlesnik.svg\",\"width\":480,\"height\":60,\"caption\":\"Tlakovci Podlesnik\"},\"image\":{\"@id\":\"https:\/\/tlakovec.si\/de\/#\/schema\/logo\/image\/\"}}]}<\/script>\n<!-- \/ Yoast SEO plugin. -->","yoast_head_json":{"title":"Mistiko Prestige2 - Tlakovci Podlesnik","robots":{"index":"index","follow":"follow","max-snippet":"max-snippet:-1","max-image-preview":"max-image-preview:large","max-video-preview":"max-video-preview:-1"},"canonical":"https:\/\/tlakovec.si\/de\/tlakovci2\/mistiko-prestige2\/","og_locale":"de_DE","og_type":"article","og_title":"Mistiko Prestige2 - Tlakovci Podlesnik","og_description":"Tlakovec Mistiko Prestige z ravnimi, ostrimi robovi in edinstveno peskano povr\u0161ino je na voljo v treh barvnih tonih: alpsko bel, carbodur ter granitno siv.2 Tlakovce v razli\u010dnih barvah lahko tudi medsebojno kombiniramo in ustvarimo elegantno razgibano tlakovano povr\u0161ino.2","og_url":"https:\/\/tlakovec.si\/de\/tlakovci2\/mistiko-prestige2\/","og_site_name":"Tlakovci Podlesnik","article_modified_time":"2022-11-29T13:48:43+00:00","og_image":[{"width":600,"height":600,"url":"https:\/\/tlakovec.si\/wp-content\/uploads\/2021\/04\/mistiko-prestige_121-e1618226927228.jpg","type":"image\/jpeg"}],"twitter_card":"summary_large_image","schema":{"@context":"https:\/\/schema.org","@graph":[{"@type":"WebPage","@id":"https:\/\/tlakovec.si\/de\/tlakovci2\/mistiko-prestige2\/","url":"https:\/\/tlakovec.si\/de\/tlakovci2\/mistiko-prestige2\/","name":"Mistiko Prestige2 - Tlakovci Podlesnik","isPartOf":{"@id":"https:\/\/tlakovec.si\/de\/#website"},"primaryImageOfPage":{"@id":"https:\/\/tlakovec.si\/de\/tlakovci2\/mistiko-prestige2\/#primaryimage"},"image":{"@id":"https:\/\/tlakovec.si\/de\/tlakovci2\/mistiko-prestige2\/#primaryimage"},"thumbnailUrl":"https:\/\/tlakovec.si\/wp-content\/uploads\/2021\/04\/mistiko-prestige_121-e1618226927228.jpg","datePublished":"2021-04-12T11:51:15+00:00","dateModified":"2022-11-29T13:48:43+00:00","breadcrumb":{"@id":"https:\/\/tlakovec.si\/de\/tlakovci2\/mistiko-prestige2\/#breadcrumb"},"inLanguage":"de","potentialAction":[{"@type":"ReadAction","target":["https:\/\/tlakovec.si\/de\/tlakovci2\/mistiko-prestige2\/"]}]},{"@type":"ImageObject","inLanguage":"de","@id":"https:\/\/tlakovec.si\/de\/tlakovci2\/mistiko-prestige2\/#primaryimage","url":"https:\/\/tlakovec.si\/wp-content\/uploads\/2021\/04\/mistiko-prestige_121-e1618226927228.jpg","contentUrl":"https:\/\/tlakovec.si\/wp-content\/uploads\/2021\/04\/mistiko-prestige_121-e1618226927228.jpg","width":600,"height":600},{"@type":"BreadcrumbList","@id":"https:\/\/tlakovec.si\/de\/tlakovci2\/mistiko-prestige2\/#breadcrumb","itemListElement":[{"@type":"ListItem","position":1,"name":"Home","item":"https:\/\/tlakovec.si\/de\/"},{"@type":"ListItem","position":2,"name":"Shop","item":"https:\/\/tlakovec.si\/de\/shop\/"},{"@type":"ListItem","position":3,"name":"Mistiko Prestige2"}]},{"@type":"WebSite","@id":"https:\/\/tlakovec.si\/de\/#website","url":"https:\/\/tlakovec.si\/de\/","name":"Tlakovci Podlesnik","description":"Na\u0161a kakovost. Va\u0161e zaupanje.","publisher":{"@id":"https:\/\/tlakovec.si\/de\/#organization"},"potentialAction":[{"@type":"SearchAction","target":{"@type":"EntryPoint","urlTemplate":"https:\/\/tlakovec.si\/de\/?s={search_term_string}"},"query-input":{"@type":"PropertyValueSpecification","valueRequired":true,"valueName":"search_term_string"}}],"inLanguage":"de"},{"@type":"Organization","@id":"https:\/\/tlakovec.si\/de\/#organization","name":"Tlakovci Podlesnik","url":"https:\/\/tlakovec.si\/de\/","logo":{"@type":"ImageObject","inLanguage":"de","@id":"https:\/\/tlakovec.si\/de\/#\/schema\/logo\/image\/","url":"https:\/\/tlakovec.si\/wp-content\/uploads\/2022\/05\/logo-tlakovci-podlesnik.svg","contentUrl":"https:\/\/tlakovec.si\/wp-content\/uploads\/2022\/05\/logo-tlakovci-podlesnik.svg","width":480,"height":60,"caption":"Tlakovci Podlesnik"},"image":{"@id":"https:\/\/tlakovec.si\/de\/#\/schema\/logo\/image\/"}}]}},"_links":{"self":[{"href":"https:\/\/tlakovec.si\/de\/wp-json\/wp\/v2\/product\/12579","targetHints":{"allow":["GET"]}}],"collection":[{"href":"https:\/\/tlakovec.si\/de\/wp-json\/wp\/v2\/product"}],"about":[{"href":"https:\/\/tlakovec.si\/de\/wp-json\/wp\/v2\/types\/product"}],"wp:featuredmedia":[{"embeddable":true,"href":"https:\/\/tlakovec.si\/de\/wp-json\/wp\/v2\/media\/12502"}],"wp:attachment":[{"href":"https:\/\/tlakovec.si\/de\/wp-json\/wp\/v2\/media?parent=12579"}],"wp:term":[{"taxonomy":"product_brand","embeddable":true,"href":"https:\/\/tlakovec.si\/de\/wp-json\/wp\/v2\/product_brand?post=12579"},{"taxonomy":"product_cat","embeddable":true,"href":"https:\/\/tlakovec.si\/de\/wp-json\/wp\/v2\/product_cat?post=12579"},{"taxonomy":"product_tag","embeddable":true,"href":"https:\/\/tlakovec.si\/de\/wp-json\/wp\/v2\/product_tag?post=12579"}],"curies":[{"name":"wp","href":"https:\/\/api.w.org\/{rel}","templated":true}]}}